{"id":13345,"date":"2016-03-14T15:51:36","date_gmt":"2016-03-14T14:51:36","guid":{"rendered":"https:\/\/tadaaz.be\/blog\/fr\/?page_id=13345"},"modified":"2020-04-02T13:47:11","modified_gmt":"2020-04-02T11:47:11","slug":"liste-de-preparatifs-communion","status":"publish","type":"page","link":"https:\/\/tadaaz.fr\/blog\/fr\/liste-de-preparatifs-communion\/","title":{"rendered":"Liste de pr\u00e9paratifs communion : ce \u00e0 quoi vous devez penser !"},"content":{"rendered":"<p>&nbsp;<\/p>\n<p><img loading=\"lazy\" decoding=\"async\" class=\"aligncenter size-large wp-image-12892\" src=\"https:\/\/tadaaz.be\/blog\/wp-content\/uploads\/2016\/02\/facebook-jongen-confetti-1024x437.jpg\" alt=\"Portrait of happy joyful beautiful little boy\" width=\"650\" height=\"277\" \/><\/p>\n<p>Comme toute maman, on veut que la petite communion ou la profession de foi\u00a0de notre enfant se d\u00e9roule parfaitement !<\/p>\n<p>\u00ab\u00a0Dois-je commencer par contacter le photographe ou bien r\u00e9server la salle de r\u00e9ception ?\u00a0\u00bb Ce style de question ne cesse de raisonner dans votre esprit ? \u00c7a tombe bien nous avons pens\u00e9 \u00e0 tout pour vous !<\/p>\n<p>Afin de profiter pleinement de cette journ\u00e9e qui se doit d\u2019\u00eatre exceptionnelle, il faut un minimum d\u2019organisation. C\u2019est pourquoi, nous, les mamans de Tadaaz, vous avons concoct\u00e9 <strong>une liste des pr\u00e9paratifs communion \u00e9tape par \u00e9tape<\/strong>. Nous l\u2019avons essay\u00e9e, c\u2019est promis, elle vous sera d\u2019un grand secours !!!<\/p>\n<p><img loading=\"lazy\" decoding=\"async\" class=\"aligncenter size-full wp-image-20794\" src=\"https:\/\/tadaaz.fr\/blog\/wp-content\/uploads\/2016\/03\/Photochecklist22.png\" alt=\"checklist communion\" width=\"3264\" height=\"2448\" srcset=\"https:\/\/tadaaz.fr\/blog\/wp-content\/uploads\/2016\/03\/Photochecklist22.png 3264w, https:\/\/tadaaz.fr\/blog\/wp-content\/uploads\/2016\/03\/Photochecklist22-300x225.png 300w, https:\/\/tadaaz.fr\/blog\/wp-content\/uploads\/2016\/03\/Photochecklist22-1024x768.png 1024w, https:\/\/tadaaz.fr\/blog\/wp-content\/uploads\/2016\/03\/Photochecklist22-100x75.png 100w\" sizes=\"auto, (max-width: 3264px) 100vw, 3264px\" \/><\/p>\n<p>&nbsp;<\/p>\n<p>&nbsp;<\/p>\n<p>Pour recevoir imm\u00e9diatement votre liste des pr\u00e9paratifs communion, abonnez-vous simplement \u00e0 notre newsletter, et recevez un lien pour recevoir votre checklist communion.<br \/>\nEn vous abonnant, nous vous enverrons les derni\u00e8res actualit\u00e9s Tadaaz que personne d&rsquo;autre ne verra. (Ne vous inqui\u00e9tez pas, nous ne surchargerons pas votre bo\u00eete mail &#x1f60a;)<br \/>\nVous pouvez toujours vous d\u00e9sabonner en bas des newsletters re\u00e7us.<\/p>\n<p>La communion de votre enfant restera sans aucun doute dans les m\u00e9moires de tous !<\/p>\n<p class=\"gform_not_found\">Oups\u00a0! Nous n\u2019avons pas retrouv\u00e9 votre formulaire.<\/p>\n<p>&nbsp;<\/p>\n","protected":false},"excerpt":{"rendered":"<p>&nbsp; Comme toute maman, on veut que la petite communion ou la profession de foi\u00a0de notre enfant se d\u00e9roule parfaitement ! \u00ab\u00a0Dois-je commencer par contacter le photographe ou bien r\u00e9server la salle de r\u00e9ception ?\u00a0\u00bb Ce style de question ne cesse de raisonner dans votre esprit ? \u00c7a tombe bien nous avons pens\u00e9 \u00e0 tout [&hellip;]<\/p>\n","protected":false},"author":34,"featured_media":20794,"parent":0,"menu_order":0,"comment_status":"closed","ping_status":"closed","template":"","meta":{"footnotes":""},"class_list":["post-13345","page","type-page","status-publish","has-post-thumbnail","hentry"],"blocksy_meta":{"styles_descriptor":{"styles":{"desktop":"","tablet":"","mobile":""},"google_fonts":[],"version":6}},"yoast_head":"<!-- This site is optimized with the Yoast SEO plugin v26.7 - https:\/\/yoast.com\/wordpress\/plugins\/seo\/ -->\n<title>Liste de pr\u00e9paratifs communion! Tadaaz Blog<\/title>\n<meta name=\"description\" content=\"vous avons concoct\u00e9 une liste des pr\u00e9paratifs communion \u00e9tape par \u00e9tape. Nous l\u2019avons essay\u00e9e, c\u2019est promis, elle vous sera d\u2019un grand secours !\" \/>\n<meta name=\"robots\" content=\"index, follow, max-snippet:-1, max-image-preview:large, max-video-preview:-1\" \/>\n<link rel=\"canonical\" href=\"https:\/\/tadaaz.fr\/blog\/fr\/wp-json\/wp\/v2\/pages\/13345\" \/>\n<meta property=\"og:locale\" content=\"fr_FR\" \/>\n<meta property=\"og:type\" content=\"article\" \/>\n<meta property=\"og:title\" content=\"Liste de pr\u00e9paratifs communion! Tadaaz Blog\" \/>\n<meta property=\"og:description\" content=\"vous avons concoct\u00e9 une liste des pr\u00e9paratifs communion \u00e9tape par \u00e9tape. Nous l\u2019avons essay\u00e9e, c\u2019est promis, elle vous sera d\u2019un grand secours !\" \/>\n<meta property=\"og:url\" content=\"https:\/\/tadaaz.fr\/blog\/fr\/liste-de-preparatifs-communion\/\" \/>\n<meta property=\"og:site_name\" content=\"Tadaaz Blog\" \/>\n<meta property=\"article:modified_time\" content=\"2020-04-02T11:47:11+00:00\" \/>\n<meta property=\"og:image\" content=\"https:\/\/tadaaz.fr\/blog\/wp-content\/uploads\/2016\/03\/Photochecklist22-1024x768.png\" \/>\n\t<meta property=\"og:image:width\" content=\"1024\" \/>\n\t<meta property=\"og:image:height\" content=\"768\" \/>\n\t<meta property=\"og:image:type\" content=\"image\/png\" \/>\n<meta name=\"twitter:card\" content=\"summary_large_image\" \/>\n<meta name=\"twitter:label1\" content=\"Dur\u00e9e de lecture estim\u00e9e\" \/>\n\t<meta name=\"twitter:data1\" content=\"1 minute\" \/>\n<!-- \/ Yoast SEO plugin. -->","yoast_head_json":{"title":"Liste de pr\u00e9paratifs communion! Tadaaz Blog","description":"vous avons concoct\u00e9 une liste des pr\u00e9paratifs communion \u00e9tape par \u00e9tape. Nous l\u2019avons essay\u00e9e, c\u2019est promis, elle vous sera d\u2019un grand secours !","robots":{"index":"index","follow":"follow","max-snippet":"max-snippet:-1","max-image-preview":"max-image-preview:large","max-video-preview":"max-video-preview:-1"},"canonical":"https:\/\/tadaaz.fr\/blog\/fr\/wp-json\/wp\/v2\/pages\/13345","og_locale":"fr_FR","og_type":"article","og_title":"Liste de pr\u00e9paratifs communion! Tadaaz Blog","og_description":"vous avons concoct\u00e9 une liste des pr\u00e9paratifs communion \u00e9tape par \u00e9tape. Nous l\u2019avons essay\u00e9e, c\u2019est promis, elle vous sera d\u2019un grand secours !","og_url":"https:\/\/tadaaz.fr\/blog\/fr\/liste-de-preparatifs-communion\/","og_site_name":"Tadaaz Blog","article_modified_time":"2020-04-02T11:47:11+00:00","og_image":[{"width":1024,"height":768,"url":"https:\/\/tadaaz.fr\/blog\/wp-content\/uploads\/2016\/03\/Photochecklist22-1024x768.png","type":"image\/png"}],"twitter_card":"summary_large_image","twitter_misc":{"Dur\u00e9e de lecture estim\u00e9e":"1 minute"},"schema":{"@context":"https:\/\/schema.org","@graph":[{"@type":"WebPage","@id":"https:\/\/tadaaz.fr\/blog\/fr\/liste-de-preparatifs-communion\/","url":"https:\/\/tadaaz.fr\/blog\/fr\/liste-de-preparatifs-communion\/","name":"Liste de pr\u00e9paratifs communion! Tadaaz Blog","isPartOf":{"@id":"https:\/\/tadaaz.nl\/blog\/nl\/#website"},"primaryImageOfPage":{"@id":"https:\/\/tadaaz.fr\/blog\/fr\/liste-de-preparatifs-communion\/#primaryimage"},"image":{"@id":"https:\/\/tadaaz.fr\/blog\/fr\/liste-de-preparatifs-communion\/#primaryimage"},"thumbnailUrl":"https:\/\/tadaaz.fr\/blog\/wp-content\/uploads\/2016\/03\/Photochecklist22.png","datePublished":"2016-03-14T14:51:36+00:00","dateModified":"2020-04-02T11:47:11+00:00","description":"vous avons concoct\u00e9 une liste des pr\u00e9paratifs communion \u00e9tape par \u00e9tape. Nous l\u2019avons essay\u00e9e, c\u2019est promis, elle vous sera d\u2019un grand secours !","inLanguage":"fr-FR","potentialAction":[{"@type":"ReadAction","target":["https:\/\/tadaaz.fr\/blog\/fr\/liste-de-preparatifs-communion\/"]}]},{"@type":"ImageObject","inLanguage":"fr-FR","@id":"https:\/\/tadaaz.fr\/blog\/fr\/liste-de-preparatifs-communion\/#primaryimage","url":"https:\/\/tadaaz.fr\/blog\/wp-content\/uploads\/2016\/03\/Photochecklist22.png","contentUrl":"https:\/\/tadaaz.fr\/blog\/wp-content\/uploads\/2016\/03\/Photochecklist22.png","width":3264,"height":2448,"caption":"checklist communion"},{"@type":"WebSite","@id":"https:\/\/tadaaz.nl\/blog\/nl\/#website","url":"https:\/\/tadaaz.nl\/blog\/nl\/","name":"Tadaaz Blog","description":"","publisher":{"@id":"https:\/\/tadaaz.nl\/blog\/nl\/#organization"},"potentialAction":[{"@type":"SearchAction","target":{"@type":"EntryPoint","urlTemplate":"https:\/\/tadaaz.nl\/blog\/nl\/?s={search_term_string}"},"query-input":{"@type":"PropertyValueSpecification","valueRequired":true,"valueName":"search_term_string"}}],"inLanguage":"fr-FR"},{"@type":"Organization","@id":"https:\/\/tadaaz.nl\/blog\/nl\/#organization","name":"Tadaaz Blog","url":"https:\/\/tadaaz.nl\/blog\/nl\/","logo":{"@type":"ImageObject","inLanguage":"fr-FR","@id":"https:\/\/tadaaz.nl\/blog\/nl\/#\/schema\/logo\/image\/","url":"https:\/\/tadaaz.fr\/blog\/wp-content\/uploads\/2023\/02\/TADAAZ_LOGO_RGB_BLOG.svg","contentUrl":"https:\/\/tadaaz.fr\/blog\/wp-content\/uploads\/2023\/02\/TADAAZ_LOGO_RGB_BLOG.svg","caption":"Tadaaz Blog"},"image":{"@id":"https:\/\/tadaaz.nl\/blog\/nl\/#\/schema\/logo\/image\/"}}]}},"_links":{"self":[{"href":"https:\/\/tadaaz.fr\/blog\/fr\/wp-json\/wp\/v2\/pages\/13345","targetHints":{"allow":["GET"]}}],"collection":[{"href":"https:\/\/tadaaz.fr\/blog\/fr\/wp-json\/wp\/v2\/pages"}],"about":[{"href":"https:\/\/tadaaz.fr\/blog\/fr\/wp-json\/wp\/v2\/types\/page"}],"author":[{"embeddable":true,"href":"https:\/\/tadaaz.fr\/blog\/fr\/wp-json\/wp\/v2\/users\/34"}],"replies":[{"embeddable":true,"href":"https:\/\/tadaaz.fr\/blog\/fr\/wp-json\/wp\/v2\/comments?post=13345"}],"version-history":[{"count":1,"href":"https:\/\/tadaaz.fr\/blog\/fr\/wp-json\/wp\/v2\/pages\/13345\/revisions"}],"predecessor-version":[{"id":96860,"href":"https:\/\/tadaaz.fr\/blog\/fr\/wp-json\/wp\/v2\/pages\/13345\/revisions\/96860"}],"wp:featuredmedia":[{"embeddable":true,"href":"https:\/\/tadaaz.fr\/blog\/fr\/wp-json\/wp\/v2\/media\/20794"}],"wp:attachment":[{"href":"https:\/\/tadaaz.fr\/blog\/fr\/wp-json\/wp\/v2\/media?parent=13345"}],"curies":[{"name":"wp","href":"https:\/\/api.w.org\/{rel}","templated":true}]}}