{"id":19200,"date":"2016-10-26T16:23:45","date_gmt":"2016-10-26T14:23:45","guid":{"rendered":"https:\/\/tadaaz.be\/blog\/fr\/?page_id=19200"},"modified":"2026-03-12T16:33:09","modified_gmt":"2026-03-12T15:33:09","slug":"votre-checklist-de-mariage-pour-etre-sure-de-ne-rien-oublier","status":"publish","type":"page","link":"https:\/\/tadaaz.fr\/blog\/fr\/votre-checklist-de-mariage-pour-etre-sure-de-ne-rien-oublier\/","title":{"rendered":"Votre Guide Mariage : pour \u00eatre s\u00fbre de ne rien oublier !"},"content":{"rendered":"\n<p>T\u00e9l\u00e9chargez notre Guide Mariage en indiquant votre adresse mail ainsi que votre date de mariage : <\/p>\n\n\n<div class=\"klaviyo-form-wrapper\" data-klaviyo-form-id=\"SmYryC\"><div class=\"klaviyo-form-SmYryC\"><\/div><div style=\"background: #f7f7f7; border: 1px dashed #ccc; padding: 20px; text-align: center; color: #666;\"><strong>Klaviyo Form Placeholder<\/strong><br>ID: SmYryC<\/div><\/div>\n\n\n<h2 class=\"wp-block-heading\">Vous n\u2019\u00eates pas un expert(e) en organisation\u00a0? T\u00e9l\u00e9chargez notre Guide Mariage !<\/h2>\n\n\n\n<p>Il a fait sa demande et vous avez accept\u00e9 ? F\u00e9licitations ! Le temps des pr\u00e9paratifs de mariage a sonn\u00e9 \u2026 L\u2019objectif,\u00a0maintenant, est de penser \u00e0 tout pour que ce jour soit le plus exceptionnel possible !<\/p>\n\n\n\n<h2 class=\"wp-block-heading\">Pourquoi t\u00e9l\u00e9charger notre Guide Mariage ?<\/h2>\n\n\n\n<p>Ce guide complet vous accompagne de A \u00e0 Z dans la pr\u00e9paration de votre grand jour et contient :<\/p>\n\n\n\n<ul class=\"wp-block-list\">\n<li><strong>Un guide des tendances<\/strong> : D\u00e9couvrez toutes les tendances \u00e0 venir pour les mariages : th\u00e8mes, d\u00e9corations, couleurs, beaut\u00e9, mode\u2026 De quoi imaginer une journ\u00e9e unique et inspirante qui vous ressemble !<\/li>\n<\/ul>\n\n\n\n<p><\/p>\n\n\n\n<ul class=\"wp-block-list\">\n<li><strong>Une checklist compl\u00e8te pour une organisation r\u00e9ussie<\/strong> : De 18 mois avant le mariage jusqu\u2019au jour J, cette checklist vous guide \u00e9tape par \u00e9tape pour ne rien oublier et organiser un mariage au top, en toute s\u00e9r\u00e9nit\u00e9.<\/li>\n<\/ul>\n\n\n\n<p><\/p>\n\n\n\n<ul class=\"wp-block-list\">\n<li><strong>Un guide d\u2019organisation (sous forme de tableau) <\/strong>: Avant, pendant et m\u00eame le jour de l\u2019\u00e9v\u00e9nement, ce guide vous aidera \u00e0 g\u00e9rer facilement les installations, les boissons, le plan de table et bien plus encore.<\/li>\n<\/ul>\n\n\n\n<ol class=\"wp-block-list\"><\/ol>\n\n\n\n<p>Ce guide est le v\u00f4tre ! Imprimez tout l\u2019ebook ou seulement les pages dont vous avez besoin pour cr\u00e9er votre propre outil d\u2019organisation.<\/p>\n\n\n\n<h2 class=\"wp-block-heading\">Comment t\u00e9l\u00e9charger ma checklist mariage ? <\/h2>\n\n\n\n<p>Pour recevoir votre checklist mariage, ajoutez votre adresse mail ci-dessus, vous la recevrez dans les 15 minutes qui suivent dans votre bo\u00eete mail. Vous ne l&rsquo;avez pas re\u00e7ue ? V\u00e9rifiez dans vos \u00ab\u00a0ind\u00e9sirables\u00a0\u00bb !<\/p>\n\n\n\n<p>En vous abonnant, nous vous enverrons les derni\u00e8res actualit\u00e9s Tadaaz que personne d&rsquo;autre ne verra. (Ne vous inqui\u00e9tez pas, nous ne surchargerons pas votre bo\u00eete mail). Vous pouvez toujours vous d\u00e9sabonner en bas des newsletters re\u00e7ues.<\/p>\n\n\n\n<figure class=\"wp-block-image aligncenter size-full\"><a href=\"https:\/\/tadaaz.fr\/blog\/wp-content\/uploads\/2025\/02\/checklist-mariage.png\"><img loading=\"lazy\" decoding=\"async\" width=\"1024\" height=\"768\" src=\"https:\/\/tadaaz.fr\/blog\/wp-content\/uploads\/2025\/02\/checklist-mariage.png\" alt=\"\" class=\"wp-image-98917\" srcset=\"https:\/\/tadaaz.fr\/blog\/wp-content\/uploads\/2025\/02\/checklist-mariage.png 1024w, https:\/\/tadaaz.fr\/blog\/wp-content\/uploads\/2025\/02\/checklist-mariage-300x225.png 300w, https:\/\/tadaaz.fr\/blog\/wp-content\/uploads\/2025\/02\/checklist-mariage-768x576.png 768w, https:\/\/tadaaz.fr\/blog\/wp-content\/uploads\/2025\/02\/checklist-mariage-100x75.png 100w\" sizes=\"auto, (max-width: 1024px) 100vw, 1024px\" \/><\/a><\/figure>\n","protected":false},"excerpt":{"rendered":"<p>T\u00e9l\u00e9chargez notre Guide Mariage en indiquant votre adresse mail ainsi que votre date de mariage : Vous n\u2019\u00eates pas un expert(e) en organisation\u00a0? T\u00e9l\u00e9chargez notre Guide Mariage ! Il a fait sa demande et vous avez accept\u00e9 ? F\u00e9licitations ! Le temps des pr\u00e9paratifs de mariage a sonn\u00e9 \u2026 L\u2019objectif,\u00a0maintenant, est de penser \u00e0 tout [&hellip;]<\/p>\n","protected":false},"author":34,"featured_media":98917,"parent":0,"menu_order":0,"comment_status":"closed","ping_status":"closed","template":"","meta":{"footnotes":""},"class_list":["post-19200","page","type-page","status-publish","has-post-thumbnail","hentry"],"blocksy_meta":{"styles_descriptor":{"styles":{"desktop":"","tablet":"","mobile":""},"google_fonts":[],"version":6}},"yoast_head":"<!-- This site is optimized with the Yoast SEO plugin v26.7 - https:\/\/yoast.com\/wordpress\/plugins\/seo\/ -->\n<title>Votre checklist mariage - Tadaaz Blog<\/title>\n<meta name=\"description\" content=\"Il a fait sa demande et vous avez accept\u00e9 ? F\u00e9licitations ! Le temps des pr\u00e9paratifs de mariage a sonn\u00e9 \u2026 Nous vous avons \u00e9labor\u00e9 une checklist mariage rien que pour vous !\" \/>\n<meta name=\"robots\" content=\"index, follow, max-snippet:-1, max-image-preview:large, max-video-preview:-1\" \/>\n<link rel=\"canonical\" href=\"https:\/\/tadaaz.fr\/blog\/fr\/wp-json\/wp\/v2\/pages\/19200\" \/>\n<meta property=\"og:locale\" content=\"fr_FR\" \/>\n<meta property=\"og:type\" content=\"article\" \/>\n<meta property=\"og:title\" content=\"Votre checklist mariage - Tadaaz Blog\" \/>\n<meta property=\"og:description\" content=\"Il a fait sa demande et vous avez accept\u00e9 ? F\u00e9licitations ! Le temps des pr\u00e9paratifs de mariage a sonn\u00e9 \u2026 Nous vous avons \u00e9labor\u00e9 une checklist mariage rien que pour vous !\" \/>\n<meta property=\"og:url\" content=\"https:\/\/tadaaz.fr\/blog\/fr\/votre-checklist-de-mariage-pour-etre-sure-de-ne-rien-oublier\/\" \/>\n<meta property=\"og:site_name\" content=\"Tadaaz Blog\" \/>\n<meta property=\"article:modified_time\" content=\"2026-03-12T15:33:09+00:00\" \/>\n<meta property=\"og:image\" content=\"https:\/\/tadaaz.fr\/blog\/wp-content\/uploads\/2025\/02\/checklist-mariage.png\" \/>\n\t<meta property=\"og:image:width\" content=\"1024\" \/>\n\t<meta property=\"og:image:height\" content=\"768\" \/>\n\t<meta property=\"og:image:type\" content=\"image\/png\" \/>\n<meta name=\"twitter:card\" content=\"summary_large_image\" \/>\n<meta name=\"twitter:label1\" content=\"Dur\u00e9e de lecture estim\u00e9e\" \/>\n\t<meta name=\"twitter:data1\" content=\"2 minutes\" \/>\n<!-- \/ Yoast SEO plugin. -->","yoast_head_json":{"title":"Votre checklist mariage - Tadaaz Blog","description":"Il a fait sa demande et vous avez accept\u00e9 ? F\u00e9licitations ! Le temps des pr\u00e9paratifs de mariage a sonn\u00e9 \u2026 Nous vous avons \u00e9labor\u00e9 une checklist mariage rien que pour vous !","robots":{"index":"index","follow":"follow","max-snippet":"max-snippet:-1","max-image-preview":"max-image-preview:large","max-video-preview":"max-video-preview:-1"},"canonical":"https:\/\/tadaaz.fr\/blog\/fr\/wp-json\/wp\/v2\/pages\/19200","og_locale":"fr_FR","og_type":"article","og_title":"Votre checklist mariage - Tadaaz Blog","og_description":"Il a fait sa demande et vous avez accept\u00e9 ? F\u00e9licitations ! Le temps des pr\u00e9paratifs de mariage a sonn\u00e9 \u2026 Nous vous avons \u00e9labor\u00e9 une checklist mariage rien que pour vous !","og_url":"https:\/\/tadaaz.fr\/blog\/fr\/votre-checklist-de-mariage-pour-etre-sure-de-ne-rien-oublier\/","og_site_name":"Tadaaz Blog","article_modified_time":"2026-03-12T15:33:09+00:00","og_image":[{"width":1024,"height":768,"url":"https:\/\/tadaaz.fr\/blog\/wp-content\/uploads\/2025\/02\/checklist-mariage.png","type":"image\/png"}],"twitter_card":"summary_large_image","twitter_misc":{"Dur\u00e9e de lecture estim\u00e9e":"2 minutes"},"schema":{"@context":"https:\/\/schema.org","@graph":[{"@type":"WebPage","@id":"https:\/\/tadaaz.fr\/blog\/fr\/votre-checklist-de-mariage-pour-etre-sure-de-ne-rien-oublier\/","url":"https:\/\/tadaaz.fr\/blog\/fr\/votre-checklist-de-mariage-pour-etre-sure-de-ne-rien-oublier\/","name":"Votre checklist mariage - Tadaaz Blog","isPartOf":{"@id":"https:\/\/tadaaz.nl\/blog\/nl\/#website"},"primaryImageOfPage":{"@id":"https:\/\/tadaaz.fr\/blog\/fr\/votre-checklist-de-mariage-pour-etre-sure-de-ne-rien-oublier\/#primaryimage"},"image":{"@id":"https:\/\/tadaaz.fr\/blog\/fr\/votre-checklist-de-mariage-pour-etre-sure-de-ne-rien-oublier\/#primaryimage"},"thumbnailUrl":"https:\/\/tadaaz.fr\/blog\/wp-content\/uploads\/2025\/02\/checklist-mariage.png","datePublished":"2016-10-26T14:23:45+00:00","dateModified":"2026-03-12T15:33:09+00:00","description":"Il a fait sa demande et vous avez accept\u00e9 ? F\u00e9licitations ! Le temps des pr\u00e9paratifs de mariage a sonn\u00e9 \u2026 Nous vous avons \u00e9labor\u00e9 une checklist mariage rien que pour vous !","inLanguage":"fr-FR","potentialAction":[{"@type":"ReadAction","target":["https:\/\/tadaaz.fr\/blog\/fr\/votre-checklist-de-mariage-pour-etre-sure-de-ne-rien-oublier\/"]}]},{"@type":"ImageObject","inLanguage":"fr-FR","@id":"https:\/\/tadaaz.fr\/blog\/fr\/votre-checklist-de-mariage-pour-etre-sure-de-ne-rien-oublier\/#primaryimage","url":"https:\/\/tadaaz.fr\/blog\/wp-content\/uploads\/2025\/02\/checklist-mariage.png","contentUrl":"https:\/\/tadaaz.fr\/blog\/wp-content\/uploads\/2025\/02\/checklist-mariage.png","width":1024,"height":768,"caption":"checklist mariage"},{"@type":"WebSite","@id":"https:\/\/tadaaz.nl\/blog\/nl\/#website","url":"https:\/\/tadaaz.nl\/blog\/nl\/","name":"Tadaaz Blog","description":"","publisher":{"@id":"https:\/\/tadaaz.nl\/blog\/nl\/#organization"},"potentialAction":[{"@type":"SearchAction","target":{"@type":"EntryPoint","urlTemplate":"https:\/\/tadaaz.nl\/blog\/nl\/?s={search_term_string}"},"query-input":{"@type":"PropertyValueSpecification","valueRequired":true,"valueName":"search_term_string"}}],"inLanguage":"fr-FR"},{"@type":"Organization","@id":"https:\/\/tadaaz.nl\/blog\/nl\/#organization","name":"Tadaaz Blog","url":"https:\/\/tadaaz.nl\/blog\/nl\/","logo":{"@type":"ImageObject","inLanguage":"fr-FR","@id":"https:\/\/tadaaz.nl\/blog\/nl\/#\/schema\/logo\/image\/","url":"https:\/\/tadaaz.fr\/blog\/wp-content\/uploads\/2023\/02\/TADAAZ_LOGO_RGB_BLOG.svg","contentUrl":"https:\/\/tadaaz.fr\/blog\/wp-content\/uploads\/2023\/02\/TADAAZ_LOGO_RGB_BLOG.svg","caption":"Tadaaz Blog"},"image":{"@id":"https:\/\/tadaaz.nl\/blog\/nl\/#\/schema\/logo\/image\/"}}]}},"_links":{"self":[{"href":"https:\/\/tadaaz.fr\/blog\/fr\/wp-json\/wp\/v2\/pages\/19200","targetHints":{"allow":["GET"]}}],"collection":[{"href":"https:\/\/tadaaz.fr\/blog\/fr\/wp-json\/wp\/v2\/pages"}],"about":[{"href":"https:\/\/tadaaz.fr\/blog\/fr\/wp-json\/wp\/v2\/types\/page"}],"author":[{"embeddable":true,"href":"https:\/\/tadaaz.fr\/blog\/fr\/wp-json\/wp\/v2\/users\/34"}],"replies":[{"embeddable":true,"href":"https:\/\/tadaaz.fr\/blog\/fr\/wp-json\/wp\/v2\/comments?post=19200"}],"version-history":[{"count":1,"href":"https:\/\/tadaaz.fr\/blog\/fr\/wp-json\/wp\/v2\/pages\/19200\/revisions"}],"predecessor-version":[{"id":114816,"href":"https:\/\/tadaaz.fr\/blog\/fr\/wp-json\/wp\/v2\/pages\/19200\/revisions\/114816"}],"wp:featuredmedia":[{"embeddable":true,"href":"https:\/\/tadaaz.fr\/blog\/fr\/wp-json\/wp\/v2\/media\/98917"}],"wp:attachment":[{"href":"https:\/\/tadaaz.fr\/blog\/fr\/wp-json\/wp\/v2\/media?parent=19200"}],"curies":[{"name":"wp","href":"https:\/\/api.w.org\/{rel}","templated":true}]}}