{"id":27207,"date":"2017-12-11T14:47:16","date_gmt":"2017-12-11T13:47:16","guid":{"rendered":"https:\/\/tadaaz.fr\/blog\/fr\/?page_id=27207"},"modified":"2025-07-29T15:54:14","modified_gmt":"2025-07-29T13:54:14","slug":"etiquette-noel-a-imprimer-pour-sublimer-vos-cadeaux-et-cest-gratuit","status":"publish","type":"page","link":"https:\/\/tadaaz.fr\/blog\/fr\/etiquette-noel-a-imprimer-pour-sublimer-vos-cadeaux-et-cest-gratuit\/","title":{"rendered":"\u00c9tiquette no\u00ebl \u00e0 imprimer pour sublimer vos cadeaux, et c\u2019est gratuit !"},"content":{"rendered":"\n<h2 class=\"wp-block-heading\"><strong>\u00c0 No\u00ebl, des cadeaux pour toute la famille <\/strong><\/h2>\n\n\n\n<p>C\u2019est no\u00ebl, et une des premi\u00e8res choses \u00e0 laquelle on pense pendant cette p\u00e9riode c\u2019est aux cadeaux que nous allons recevoir. Oui oui, peu importe notre \u00e2ge on raffole tous des pr\u00e9sents que le p\u00e8re no\u00ebl d\u00e9pose au pied du sapin&nbsp;: les enfants, les ados et m\u00eame les parents&nbsp;!<\/p>\n\n\n\n<figure class=\"wp-block-image size-full\"><a href=\"https:\/\/tadaaz.fr\/blog\/wp-content\/uploads\/2025\/07\/papier-cadeaux-noel.png\"><img loading=\"lazy\" decoding=\"async\" width=\"1024\" height=\"768\" src=\"https:\/\/tadaaz.fr\/blog\/wp-content\/uploads\/2025\/07\/papier-cadeaux-noel.png\" alt=\"\" class=\"wp-image-105274\" srcset=\"https:\/\/tadaaz.fr\/blog\/wp-content\/uploads\/2025\/07\/papier-cadeaux-noel.png 1024w, https:\/\/tadaaz.fr\/blog\/wp-content\/uploads\/2025\/07\/papier-cadeaux-noel-300x225.png 300w, https:\/\/tadaaz.fr\/blog\/wp-content\/uploads\/2025\/07\/papier-cadeaux-noel-768x576.png 768w, https:\/\/tadaaz.fr\/blog\/wp-content\/uploads\/2025\/07\/papier-cadeaux-noel-100x75.png 100w\" sizes=\"auto, (max-width: 1024px) 100vw, 1024px\" \/><\/a><\/figure>\n\n\n\n<p>Le 24 d\u00e9cembre au soir ou tr\u00e8s t\u00f4t le 25 au matin nos yeux s\u2019\u00e9carquillent devant la montagne de paquets. Enfants et parents s\u2019empressent devant le sapin de no\u00ebl ou devant la chemin\u00e9e pour ouvrir les cadeaux. Lorsque l\u2019on voit son pr\u00e9nom sur le paquet et de tendres mots \u00e0 notre \u00e9gard c\u2019est un moment touchant et plein de plaisir, on a qu\u2019une h\u00e2te&nbsp;: les ouvrir&nbsp;!<\/p>\n\n\n\n<p>Nous avons la solution pour personnaliser les papiers cadeaux de chacun (sans avoir besoin d\u2019en acheter une dizaine diff\u00e9rente) afin de faciliter la distribution&nbsp;\u00e0 tous les membres de la famille &#x1f609;<\/p>\n\n\n\n<h2 class=\"wp-block-heading\"><strong>Avec Tadaaz, profitez gratuitement d\u2019\u00e9tiquette no\u00ebl \u00e0 imprimer <\/strong><\/h2>\n\n\n\n<p>Cr\u00e9\u00e9 sp\u00e9cialement pour vous, Tadaaz vous propose des<strong> \u00e9tiquettes no\u00ebl \u00e0 imprimer<\/strong> afin de personnaliser le cadeau de chacun.<\/p>\n\n\n\n<p>C\u2019est ultra simple&nbsp;:<\/p>\n\n\n\n<ol class=\"wp-block-list\">\n<li>T\u00e9l\u00e9chargez les \u00e9tiquettes,<\/li>\n\n\n\n<li>Imprimez-les,<\/li>\n\n\n\n<li>D\u00e9coupez-les soigneusement (on vous fait confiance),<\/li>\n\n\n\n<li>Ecrivez le pr\u00e9nom du destinataire du cadeau\u00a0!<\/li>\n<\/ol>\n\n\n\n<p>Hop le tour est jou\u00e9&nbsp;! Plus qu\u2019\u00e0 coller l\u2019\u00e9tiquette directement sur votre papier cadeau. Pour les plus cr\u00e9atifs accrochez la \u00e0 l\u2019aide d\u2019une petite ficelle, vous pourrez alors y r\u00e9digez quelques mots au dos.<\/p>\n\n\n\n<p>Ces \u00e9tiquettes no\u00ebl \u00e0 imprimer vous plairont \u00e0 coup s\u00fbr&nbsp;! Modernes et tendances par leurs couleurs et leurs symboles de no\u00ebl vous serez conquis \u00e0 100%&nbsp;!<\/p>\n\n\n\n<p>N\u2019attendez plus, inscrivez-vous \u00e0 la newsletter et recevez un lien pour t\u00e9l\u00e9charger les plus <strong>belles \u00e9tiquettes de no\u00ebl<\/strong>&nbsp;:<br>En vous abonnant, nous vous enverrons les derni\u00e8res actualit\u00e9s Tadaaz que personne d&rsquo;autre ne verra. (Ne vous inqui\u00e9tez pas, nous ne surchargerons pas votre bo\u00eete mail &#x1f60a;)<br>Vous pouvez toujours vous d\u00e9sabonner en bas des newsletters re\u00e7us.<\/p>\n\n\n\n\n\n<p>Une attention qui fera plaisir \u00e0 chacun, et \u00e0 no\u00ebl c\u2019est ce qui compte&nbsp;! So Merry Christmas &#x1f385;&#x1f381;<\/p>\n","protected":false},"excerpt":{"rendered":"<p>\u00c0 No\u00ebl, des cadeaux pour toute la famille C\u2019est no\u00ebl, et une des premi\u00e8res choses \u00e0 laquelle on pense pendant cette p\u00e9riode c\u2019est aux cadeaux que nous allons recevoir. Oui oui, peu importe notre \u00e2ge on raffole tous des pr\u00e9sents que le p\u00e8re no\u00ebl d\u00e9pose au pied du sapin&nbsp;: les enfants, les ados et m\u00eame [&hellip;]<\/p>\n","protected":false},"author":22,"featured_media":105274,"parent":0,"menu_order":0,"comment_status":"closed","ping_status":"closed","template":"","meta":{"footnotes":""},"class_list":["post-27207","page","type-page","status-publish","has-post-thumbnail","hentry"],"blocksy_meta":{"styles_descriptor":{"styles":{"desktop":"","tablet":"","mobile":""},"google_fonts":[],"version":6}},"yoast_head":"<!-- This site is optimized with the Yoast SEO plugin v26.7 - https:\/\/yoast.com\/wordpress\/plugins\/seo\/ -->\n<title>\u00c9tiquette no\u00ebl \u00e0 imprimer pour sublimer vos cadeaux, et c\u2019est gratuit !<\/title>\n<meta name=\"description\" content=\"Personnalisez vos cadeaux avec des \u00e9tiquettes no\u00ebl \u00e0 imprimer : plus qu&#039;\u00e0 ajouter le pr\u00e9nom et un petit mot au destinataire ! Gratuit et simple, c&#039;est magique !\" \/>\n<meta name=\"robots\" content=\"index, follow, max-snippet:-1, max-image-preview:large, max-video-preview:-1\" \/>\n<link rel=\"canonical\" href=\"https:\/\/tadaaz.fr\/blog\/fr\/wp-json\/wp\/v2\/pages\/27207\" \/>\n<meta property=\"og:locale\" content=\"fr_FR\" \/>\n<meta property=\"og:type\" content=\"article\" \/>\n<meta property=\"og:title\" content=\"\u00c9tiquette no\u00ebl \u00e0 imprimer pour sublimer vos cadeaux, et c\u2019est gratuit !\" \/>\n<meta property=\"og:description\" content=\"Personnalisez vos cadeaux avec des \u00e9tiquettes no\u00ebl \u00e0 imprimer : plus qu&#039;\u00e0 ajouter le pr\u00e9nom et un petit mot au destinataire ! Gratuit et simple, c&#039;est magique !\" \/>\n<meta property=\"og:url\" content=\"https:\/\/tadaaz.fr\/blog\/fr\/etiquette-noel-a-imprimer-pour-sublimer-vos-cadeaux-et-cest-gratuit\/\" \/>\n<meta property=\"og:site_name\" content=\"Tadaaz Blog\" \/>\n<meta property=\"article:modified_time\" content=\"2025-07-29T13:54:14+00:00\" \/>\n<meta property=\"og:image\" content=\"https:\/\/tadaaz.fr\/blog\/wp-content\/uploads\/2025\/07\/papier-cadeaux-noel.png\" \/>\n\t<meta property=\"og:image:width\" content=\"1024\" \/>\n\t<meta property=\"og:image:height\" content=\"768\" \/>\n\t<meta property=\"og:image:type\" content=\"image\/png\" \/>\n<meta name=\"twitter:card\" content=\"summary_large_image\" \/>\n<meta name=\"twitter:label1\" content=\"Dur\u00e9e de lecture estim\u00e9e\" \/>\n\t<meta name=\"twitter:data1\" content=\"3 minutes\" \/>\n<!-- \/ Yoast SEO plugin. -->","yoast_head_json":{"title":"\u00c9tiquette no\u00ebl \u00e0 imprimer pour sublimer vos cadeaux, et c\u2019est gratuit !","description":"Personnalisez vos cadeaux avec des \u00e9tiquettes no\u00ebl \u00e0 imprimer : plus qu'\u00e0 ajouter le pr\u00e9nom et un petit mot au destinataire ! Gratuit et simple, c'est magique !","robots":{"index":"index","follow":"follow","max-snippet":"max-snippet:-1","max-image-preview":"max-image-preview:large","max-video-preview":"max-video-preview:-1"},"canonical":"https:\/\/tadaaz.fr\/blog\/fr\/wp-json\/wp\/v2\/pages\/27207","og_locale":"fr_FR","og_type":"article","og_title":"\u00c9tiquette no\u00ebl \u00e0 imprimer pour sublimer vos cadeaux, et c\u2019est gratuit !","og_description":"Personnalisez vos cadeaux avec des \u00e9tiquettes no\u00ebl \u00e0 imprimer : plus qu'\u00e0 ajouter le pr\u00e9nom et un petit mot au destinataire ! Gratuit et simple, c'est magique !","og_url":"https:\/\/tadaaz.fr\/blog\/fr\/etiquette-noel-a-imprimer-pour-sublimer-vos-cadeaux-et-cest-gratuit\/","og_site_name":"Tadaaz Blog","article_modified_time":"2025-07-29T13:54:14+00:00","og_image":[{"width":1024,"height":768,"url":"https:\/\/tadaaz.fr\/blog\/wp-content\/uploads\/2025\/07\/papier-cadeaux-noel.png","type":"image\/png"}],"twitter_card":"summary_large_image","twitter_misc":{"Dur\u00e9e de lecture estim\u00e9e":"3 minutes"},"schema":{"@context":"https:\/\/schema.org","@graph":[{"@type":"WebPage","@id":"https:\/\/tadaaz.fr\/blog\/fr\/etiquette-noel-a-imprimer-pour-sublimer-vos-cadeaux-et-cest-gratuit\/","url":"https:\/\/tadaaz.fr\/blog\/fr\/etiquette-noel-a-imprimer-pour-sublimer-vos-cadeaux-et-cest-gratuit\/","name":"\u00c9tiquette no\u00ebl \u00e0 imprimer pour sublimer vos cadeaux, et c\u2019est gratuit !","isPartOf":{"@id":"https:\/\/tadaaz.nl\/blog\/nl\/#website"},"primaryImageOfPage":{"@id":"https:\/\/tadaaz.fr\/blog\/fr\/etiquette-noel-a-imprimer-pour-sublimer-vos-cadeaux-et-cest-gratuit\/#primaryimage"},"image":{"@id":"https:\/\/tadaaz.fr\/blog\/fr\/etiquette-noel-a-imprimer-pour-sublimer-vos-cadeaux-et-cest-gratuit\/#primaryimage"},"thumbnailUrl":"https:\/\/tadaaz.fr\/blog\/wp-content\/uploads\/2025\/07\/papier-cadeaux-noel.png","datePublished":"2017-12-11T13:47:16+00:00","dateModified":"2025-07-29T13:54:14+00:00","description":"Personnalisez vos cadeaux avec des \u00e9tiquettes no\u00ebl \u00e0 imprimer : plus qu'\u00e0 ajouter le pr\u00e9nom et un petit mot au destinataire ! Gratuit et simple, c'est magique !","inLanguage":"fr-FR","potentialAction":[{"@type":"ReadAction","target":["https:\/\/tadaaz.fr\/blog\/fr\/etiquette-noel-a-imprimer-pour-sublimer-vos-cadeaux-et-cest-gratuit\/"]}]},{"@type":"ImageObject","inLanguage":"fr-FR","@id":"https:\/\/tadaaz.fr\/blog\/fr\/etiquette-noel-a-imprimer-pour-sublimer-vos-cadeaux-et-cest-gratuit\/#primaryimage","url":"https:\/\/tadaaz.fr\/blog\/wp-content\/uploads\/2025\/07\/papier-cadeaux-noel.png","contentUrl":"https:\/\/tadaaz.fr\/blog\/wp-content\/uploads\/2025\/07\/papier-cadeaux-noel.png","width":1024,"height":768,"caption":"papier-cadeaux-no\u00ebl"},{"@type":"WebSite","@id":"https:\/\/tadaaz.nl\/blog\/nl\/#website","url":"https:\/\/tadaaz.nl\/blog\/nl\/","name":"Tadaaz Blog","description":"","publisher":{"@id":"https:\/\/tadaaz.nl\/blog\/nl\/#organization"},"potentialAction":[{"@type":"SearchAction","target":{"@type":"EntryPoint","urlTemplate":"https:\/\/tadaaz.nl\/blog\/nl\/?s={search_term_string}"},"query-input":{"@type":"PropertyValueSpecification","valueRequired":true,"valueName":"search_term_string"}}],"inLanguage":"fr-FR"},{"@type":"Organization","@id":"https:\/\/tadaaz.nl\/blog\/nl\/#organization","name":"Tadaaz Blog","url":"https:\/\/tadaaz.nl\/blog\/nl\/","logo":{"@type":"ImageObject","inLanguage":"fr-FR","@id":"https:\/\/tadaaz.nl\/blog\/nl\/#\/schema\/logo\/image\/","url":"https:\/\/tadaaz.fr\/blog\/wp-content\/uploads\/2023\/02\/TADAAZ_LOGO_RGB_BLOG.svg","contentUrl":"https:\/\/tadaaz.fr\/blog\/wp-content\/uploads\/2023\/02\/TADAAZ_LOGO_RGB_BLOG.svg","caption":"Tadaaz Blog"},"image":{"@id":"https:\/\/tadaaz.nl\/blog\/nl\/#\/schema\/logo\/image\/"}}]}},"_links":{"self":[{"href":"https:\/\/tadaaz.fr\/blog\/fr\/wp-json\/wp\/v2\/pages\/27207","targetHints":{"allow":["GET"]}}],"collection":[{"href":"https:\/\/tadaaz.fr\/blog\/fr\/wp-json\/wp\/v2\/pages"}],"about":[{"href":"https:\/\/tadaaz.fr\/blog\/fr\/wp-json\/wp\/v2\/types\/page"}],"author":[{"embeddable":true,"href":"https:\/\/tadaaz.fr\/blog\/fr\/wp-json\/wp\/v2\/users\/22"}],"replies":[{"embeddable":true,"href":"https:\/\/tadaaz.fr\/blog\/fr\/wp-json\/wp\/v2\/comments?post=27207"}],"version-history":[{"count":1,"href":"https:\/\/tadaaz.fr\/blog\/fr\/wp-json\/wp\/v2\/pages\/27207\/revisions"}],"predecessor-version":[{"id":105280,"href":"https:\/\/tadaaz.fr\/blog\/fr\/wp-json\/wp\/v2\/pages\/27207\/revisions\/105280"}],"wp:featuredmedia":[{"embeddable":true,"href":"https:\/\/tadaaz.fr\/blog\/fr\/wp-json\/wp\/v2\/media\/105274"}],"wp:attachment":[{"href":"https:\/\/tadaaz.fr\/blog\/fr\/wp-json\/wp\/v2\/media?parent=27207"}],"curies":[{"name":"wp","href":"https:\/\/api.w.org\/{rel}","templated":true}]}}