{"id":37300,"date":"2018-08-07T11:29:44","date_gmt":"2018-08-07T09:29:44","guid":{"rendered":"https:\/\/tadaaz.fr\/blog\/?page_id=37300"},"modified":"2026-03-13T10:35:45","modified_gmt":"2026-03-13T09:35:45","slug":"votre-checklist-naissance-arrivee-de-bebe","status":"publish","type":"page","link":"https:\/\/tadaaz.fr\/blog\/fr\/votre-checklist-naissance-arrivee-de-bebe\/","title":{"rendered":"Votre Guide Naissance : pour pr\u00e9parer l\u2019arriv\u00e9e de b\u00e9b\u00e9 !"},"content":{"rendered":"\n<p>T\u00e9l\u00e9chargez d\u00e8s maintenant notre guide naissance et pr\u00e9parez sereinement l\u2019arriv\u00e9e de votre petit tr\u00e9sor : <\/p>\n\n\n<div class=\"klaviyo-form-wrapper\" data-klaviyo-form-id=\"RpBmzE\"><div class=\"klaviyo-form-RpBmzE\"><\/div><div style=\"background: #f7f7f7; border: 1px dashed #ccc; padding: 20px; text-align: center; color: #666;\"><strong>Klaviyo Form Placeholder<\/strong><br>ID: RpBmzE<\/div><\/div>\n\n\n<h2 class=\"wp-block-heading\">Pour pr\u00e9parer la nouvelle aventure : t\u00e9l\u00e9chargez notre Guide Naissance !<\/h2>\n\n\n\n<p>Vous venez d\u2019apprendre la magnifique nouvelle : dans 9 mois vous serez des parents \u00e9panouis ! L\u2019attente va \u00eatre longue pendant les mois de grossesse, mais cela vous laissera le temps de pr\u00e9parer sa <a href=\"\/fr\/naissance\">naissance<\/a> comme il se doit. Et oui, la venue d\u2019un nourrisson dans la famille va changer pas mal de choses et chambouler votre quotidien.<\/p>\n\n\n\n<h2 class=\"wp-block-heading\">Pourquoi t\u00e9l\u00e9charger notre Guide de Naissance ?<\/h2>\n\n\n\n<p>L\u2019arriv\u00e9e d\u2019un b\u00e9b\u00e9 est un moment magique, mais elle s\u2019accompagne souvent de nombreuses pr\u00e9parations. Pour vous aider \u00e0 ne rien oublier, nous vous proposons un Guide complet de naissance pour pr\u00e9parer au mieux la naissance de b\u00e9b\u00e9, il contient : <\/p>\n\n\n\n<ul class=\"wp-block-list\">\n<li><strong>Une checklist naissance compl\u00e8te<\/strong>, mois par mois avant l\u2019arriv\u00e9e de b\u00e9b\u00e9, pour vous pr\u00e9parer sereinement. Vous ne savez pas par o\u00f9 commencer ni qui contacter pour certaines d\u00e9marches administratives ? Ce guide est fait pour vous accompagner pas \u00e0 pas.<\/li>\n\n\n\n<li><strong>Un guide des pr\u00e9noms<\/strong> qui vous aidera dans le choix du pr\u00e9nom de votre enfant, accompagn\u00e9 de conseils pour trouver celui qui lui correspondra parfaitement.<\/li>\n<\/ul>\n\n\n\n<h2 class=\"wp-block-heading\">Comment t\u00e9l\u00e9charger mon Guide Naissance ?<\/h2>\n\n\n\n<p>Pour recevoir votre guide, ajoutez votre adresse mail ci-dessus, vous la recevrez dans les 15 minutes qui suivent dans votre bo\u00eete mail. Vous ne l\u2019avez pas re\u00e7ue ? V\u00e9rifiez dans vos \u00ab\u00a0ind\u00e9sirables\u00a0\u00bb !<\/p>\n\n\n\n<figure class=\"wp-block-image size-full\"><a href=\"https:\/\/tadaaz.fr\/blog\/wp-content\/uploads\/2024\/09\/checklist-bebe.png\"><img loading=\"lazy\" decoding=\"async\" width=\"1024\" height=\"768\" src=\"https:\/\/tadaaz.fr\/blog\/wp-content\/uploads\/2024\/09\/checklist-bebe.png\" alt=\"\" class=\"wp-image-96616\" srcset=\"https:\/\/tadaaz.fr\/blog\/wp-content\/uploads\/2024\/09\/checklist-bebe.png 1024w, https:\/\/tadaaz.fr\/blog\/wp-content\/uploads\/2024\/09\/checklist-bebe-300x225.png 300w, https:\/\/tadaaz.fr\/blog\/wp-content\/uploads\/2024\/09\/checklist-bebe-768x576.png 768w, https:\/\/tadaaz.fr\/blog\/wp-content\/uploads\/2024\/09\/checklist-bebe-100x75.png 100w\" sizes=\"auto, (max-width: 1024px) 100vw, 1024px\" \/><\/a><\/figure>\n","protected":false},"excerpt":{"rendered":"<p>T\u00e9l\u00e9chargez d\u00e8s maintenant notre guide naissance et pr\u00e9parez sereinement l\u2019arriv\u00e9e de votre petit tr\u00e9sor : Pour pr\u00e9parer la nouvelle aventure : t\u00e9l\u00e9chargez notre Guide Naissance ! Vous venez d\u2019apprendre la magnifique nouvelle : dans 9 mois vous serez des parents \u00e9panouis ! L\u2019attente va \u00eatre longue pendant les mois de grossesse, mais cela vous laissera [&hellip;]<\/p>\n","protected":false},"author":23,"featured_media":96621,"parent":0,"menu_order":0,"comment_status":"closed","ping_status":"closed","template":"","meta":{"footnotes":""},"class_list":["post-37300","page","type-page","status-publish","has-post-thumbnail","hentry"],"blocksy_meta":{"styles_descriptor":{"styles":{"desktop":"","tablet":"","mobile":""},"google_fonts":[],"version":6}},"yoast_head":"<!-- This site is optimized with the Yoast SEO plugin v26.7 - https:\/\/yoast.com\/wordpress\/plugins\/seo\/ -->\n<title>Votre checklist naissance : pour pr\u00e9parer l\u2019arriv\u00e9e de b\u00e9b\u00e9<\/title>\n<meta name=\"description\" content=\"Pour pr\u00e9parer l&#039;arriv\u00e9e de votre petit bout, t\u00e9l\u00e9chargez notre checklist naissance. Nous vous donnons un petit coup de pouce !\" \/>\n<meta name=\"robots\" content=\"index, follow, max-snippet:-1, max-image-preview:large, max-video-preview:-1\" \/>\n<link rel=\"canonical\" href=\"https:\/\/tadaaz.fr\/blog\/fr\/wp-json\/wp\/v2\/pages\/37300\" \/>\n<meta property=\"og:locale\" content=\"fr_FR\" \/>\n<meta property=\"og:type\" content=\"article\" \/>\n<meta property=\"og:title\" content=\"Votre checklist naissance : pour pr\u00e9parer l\u2019arriv\u00e9e de b\u00e9b\u00e9\" \/>\n<meta property=\"og:description\" content=\"Pour pr\u00e9parer l&#039;arriv\u00e9e de votre petit bout, t\u00e9l\u00e9chargez notre checklist naissance. Nous vous donnons un petit coup de pouce !\" \/>\n<meta property=\"og:url\" content=\"https:\/\/tadaaz.fr\/blog\/fr\/votre-checklist-naissance-arrivee-de-bebe\/\" \/>\n<meta property=\"og:site_name\" content=\"Tadaaz Blog\" \/>\n<meta property=\"article:modified_time\" content=\"2026-03-13T09:35:45+00:00\" \/>\n<meta property=\"og:image\" content=\"https:\/\/tadaaz.fr\/blog\/wp-content\/uploads\/2024\/09\/checklist-bebe-1.png\" \/>\n\t<meta property=\"og:image:width\" content=\"1024\" \/>\n\t<meta property=\"og:image:height\" content=\"768\" \/>\n\t<meta property=\"og:image:type\" content=\"image\/png\" \/>\n<meta name=\"twitter:card\" content=\"summary_large_image\" \/>\n<meta name=\"twitter:label1\" content=\"Dur\u00e9e de lecture estim\u00e9e\" \/>\n\t<meta name=\"twitter:data1\" content=\"2 minutes\" \/>\n<!-- \/ Yoast SEO plugin. -->","yoast_head_json":{"title":"Votre checklist naissance : pour pr\u00e9parer l\u2019arriv\u00e9e de b\u00e9b\u00e9","description":"Pour pr\u00e9parer l'arriv\u00e9e de votre petit bout, t\u00e9l\u00e9chargez notre checklist naissance. Nous vous donnons un petit coup de pouce !","robots":{"index":"index","follow":"follow","max-snippet":"max-snippet:-1","max-image-preview":"max-image-preview:large","max-video-preview":"max-video-preview:-1"},"canonical":"https:\/\/tadaaz.fr\/blog\/fr\/wp-json\/wp\/v2\/pages\/37300","og_locale":"fr_FR","og_type":"article","og_title":"Votre checklist naissance : pour pr\u00e9parer l\u2019arriv\u00e9e de b\u00e9b\u00e9","og_description":"Pour pr\u00e9parer l'arriv\u00e9e de votre petit bout, t\u00e9l\u00e9chargez notre checklist naissance. Nous vous donnons un petit coup de pouce !","og_url":"https:\/\/tadaaz.fr\/blog\/fr\/votre-checklist-naissance-arrivee-de-bebe\/","og_site_name":"Tadaaz Blog","article_modified_time":"2026-03-13T09:35:45+00:00","og_image":[{"width":1024,"height":768,"url":"https:\/\/tadaaz.fr\/blog\/wp-content\/uploads\/2024\/09\/checklist-bebe-1.png","type":"image\/png"}],"twitter_card":"summary_large_image","twitter_misc":{"Dur\u00e9e de lecture estim\u00e9e":"2 minutes"},"schema":{"@context":"https:\/\/schema.org","@graph":[{"@type":"WebPage","@id":"https:\/\/tadaaz.fr\/blog\/fr\/votre-checklist-naissance-arrivee-de-bebe\/","url":"https:\/\/tadaaz.fr\/blog\/fr\/votre-checklist-naissance-arrivee-de-bebe\/","name":"Votre checklist naissance : pour pr\u00e9parer l\u2019arriv\u00e9e de b\u00e9b\u00e9","isPartOf":{"@id":"https:\/\/tadaaz.nl\/blog\/nl\/#website"},"primaryImageOfPage":{"@id":"https:\/\/tadaaz.fr\/blog\/fr\/votre-checklist-naissance-arrivee-de-bebe\/#primaryimage"},"image":{"@id":"https:\/\/tadaaz.fr\/blog\/fr\/votre-checklist-naissance-arrivee-de-bebe\/#primaryimage"},"thumbnailUrl":"https:\/\/tadaaz.fr\/blog\/wp-content\/uploads\/2024\/09\/checklist-bebe-1.png","datePublished":"2018-08-07T09:29:44+00:00","dateModified":"2026-03-13T09:35:45+00:00","description":"Pour pr\u00e9parer l'arriv\u00e9e de votre petit bout, t\u00e9l\u00e9chargez notre checklist naissance. Nous vous donnons un petit coup de pouce !","inLanguage":"fr-FR","potentialAction":[{"@type":"ReadAction","target":["https:\/\/tadaaz.fr\/blog\/fr\/votre-checklist-naissance-arrivee-de-bebe\/"]}]},{"@type":"ImageObject","inLanguage":"fr-FR","@id":"https:\/\/tadaaz.fr\/blog\/fr\/votre-checklist-naissance-arrivee-de-bebe\/#primaryimage","url":"https:\/\/tadaaz.fr\/blog\/wp-content\/uploads\/2024\/09\/checklist-bebe-1.png","contentUrl":"https:\/\/tadaaz.fr\/blog\/wp-content\/uploads\/2024\/09\/checklist-bebe-1.png","width":1024,"height":768,"caption":"checklist naissance"},{"@type":"WebSite","@id":"https:\/\/tadaaz.nl\/blog\/nl\/#website","url":"https:\/\/tadaaz.nl\/blog\/nl\/","name":"Tadaaz Blog","description":"","publisher":{"@id":"https:\/\/tadaaz.nl\/blog\/nl\/#organization"},"potentialAction":[{"@type":"SearchAction","target":{"@type":"EntryPoint","urlTemplate":"https:\/\/tadaaz.nl\/blog\/nl\/?s={search_term_string}"},"query-input":{"@type":"PropertyValueSpecification","valueRequired":true,"valueName":"search_term_string"}}],"inLanguage":"fr-FR"},{"@type":"Organization","@id":"https:\/\/tadaaz.nl\/blog\/nl\/#organization","name":"Tadaaz Blog","url":"https:\/\/tadaaz.nl\/blog\/nl\/","logo":{"@type":"ImageObject","inLanguage":"fr-FR","@id":"https:\/\/tadaaz.nl\/blog\/nl\/#\/schema\/logo\/image\/","url":"https:\/\/tadaaz.fr\/blog\/wp-content\/uploads\/2023\/02\/TADAAZ_LOGO_RGB_BLOG.svg","contentUrl":"https:\/\/tadaaz.fr\/blog\/wp-content\/uploads\/2023\/02\/TADAAZ_LOGO_RGB_BLOG.svg","caption":"Tadaaz Blog"},"image":{"@id":"https:\/\/tadaaz.nl\/blog\/nl\/#\/schema\/logo\/image\/"}}]}},"_links":{"self":[{"href":"https:\/\/tadaaz.fr\/blog\/fr\/wp-json\/wp\/v2\/pages\/37300","targetHints":{"allow":["GET"]}}],"collection":[{"href":"https:\/\/tadaaz.fr\/blog\/fr\/wp-json\/wp\/v2\/pages"}],"about":[{"href":"https:\/\/tadaaz.fr\/blog\/fr\/wp-json\/wp\/v2\/types\/page"}],"author":[{"embeddable":true,"href":"https:\/\/tadaaz.fr\/blog\/fr\/wp-json\/wp\/v2\/users\/23"}],"replies":[{"embeddable":true,"href":"https:\/\/tadaaz.fr\/blog\/fr\/wp-json\/wp\/v2\/comments?post=37300"}],"version-history":[{"count":2,"href":"https:\/\/tadaaz.fr\/blog\/fr\/wp-json\/wp\/v2\/pages\/37300\/revisions"}],"predecessor-version":[{"id":114819,"href":"https:\/\/tadaaz.fr\/blog\/fr\/wp-json\/wp\/v2\/pages\/37300\/revisions\/114819"}],"wp:featuredmedia":[{"embeddable":true,"href":"https:\/\/tadaaz.fr\/blog\/fr\/wp-json\/wp\/v2\/media\/96621"}],"wp:attachment":[{"href":"https:\/\/tadaaz.fr\/blog\/fr\/wp-json\/wp\/v2\/media?parent=37300"}],"curies":[{"name":"wp","href":"https:\/\/api.w.org\/{rel}","templated":true}]}}