{"id":43931,"date":"2019-01-16T16:22:11","date_gmt":"2019-01-16T15:22:11","guid":{"rendered":"https:\/\/tadaaz.fr\/blog\/?page_id=43931"},"modified":"2025-04-01T15:03:28","modified_gmt":"2025-04-01T13:03:28","slug":"checklist-bapteme-pour-un-evenement-inoubliable","status":"publish","type":"page","link":"https:\/\/tadaaz.fr\/blog\/fr\/checklist-bapteme-pour-un-evenement-inoubliable\/","title":{"rendered":"Votre checklist Bapt\u00eame : pour \u00eatre s\u00fbre de ne rien oublier !"},"content":{"rendered":"\n<div class=\"klaviyo-form-SvYbVK\"><\/div>\n\n\n\n<h2 class=\"wp-block-heading\">Vous n\u2019\u00eates pas un expert(e) en organisation&nbsp;? T\u00e9l\u00e9chargez notre checklist bapt\u00eame&nbsp;!<\/h2>\n\n\n\n<p>Voil\u00e0 d\u00e9j\u00e0 quelques semaines voire quelques mois que b\u00e9b\u00e9 partage votre quotidien pour votre plus grand bonheur ainsi que celui de ses fr\u00e8res et s\u0153urs. Le baptiser est pour vous une chose importante, vous y songez de plus en plus et pr\u00e9voyez de le c\u00e9l\u00e9brer dans les mois \u00e0 venir. L\u2019organisation d\u2019un tel \u00e9v\u00e9nement vous effraie&nbsp;? Rassurez-vous c\u2019est normal, comme toutes les f\u00eates, le <a href=\"\/fr\/bapteme\">Bapt\u00eame <\/a>se doit d\u2019\u00eatre c\u00e9l\u00e9br\u00e9 d\u2019une belle mani\u00e8re et cela vous demandera de petits pr\u00e9paratifs.<\/p>\n\n\n\n<figure class=\"wp-block-image size-full\"><a href=\"https:\/\/tadaaz.fr\/blog\/wp-content\/uploads\/2018\/09\/organiser-un-bapteme-original.png\"><img loading=\"lazy\" decoding=\"async\" width=\"1024\" height=\"768\" src=\"https:\/\/tadaaz.fr\/blog\/wp-content\/uploads\/2018\/09\/organiser-un-bapteme-original.png\" alt=\"organiser un bapt\u00eame original\" class=\"wp-image-101456\" srcset=\"https:\/\/tadaaz.fr\/blog\/wp-content\/uploads\/2018\/09\/organiser-un-bapteme-original.png 1024w, https:\/\/tadaaz.fr\/blog\/wp-content\/uploads\/2018\/09\/organiser-un-bapteme-original-300x225.png 300w, https:\/\/tadaaz.fr\/blog\/wp-content\/uploads\/2018\/09\/organiser-un-bapteme-original-768x576.png 768w, https:\/\/tadaaz.fr\/blog\/wp-content\/uploads\/2018\/09\/organiser-un-bapteme-original-100x75.png 100w\" sizes=\"auto, (max-width: 1024px) 100vw, 1024px\" \/><\/a><\/figure>\n\n\n\n<h2 class=\"wp-block-heading\">Pourquoi avoir une checklist bapt\u00eame ?<\/h2>\n\n\n\n<p>Que ce soit pour un Bapt\u00eame religieux ou civil, avec cette checklist bapt\u00eame d\u00e9couvrez toutes les \u00e9tapes de la pr\u00e9paration. Du choix de la date \u00e0 la mise en place de la salle de r\u00e9ception en passant par le choix du parrain et de la marraine, nous vous dirons tout&nbsp;!<\/p>\n\n\n\n<p>Ce Bapt\u00eame marquera une \u00e9tape importante dans la vie de b\u00e9b\u00e9, croyez-nous&nbsp;! Ne laissez rien au hasard, qu\u2019il ait lieu en petit comit\u00e9 ou en plus grand nombre l\u2019essentiel et d\u2019\u00eatre entour\u00e9 de ceux qui vous sont chers. La c\u00e9r\u00e9monie du bapt\u00eame sera un magnifique souvenir pour chacun d\u2019eux.<\/p>\n\n\n\n<h2 class=\"wp-block-heading\">Comment t\u00e9l\u00e9charger ma checklist bapt\u00eame ? <\/h2>\n\n\n\n<p>Pour recevoir votre checklist bapt\u00eame, ajoutez votre adresse mail ci-dessus, vous la recevrez dans les 15 minutes qui suivent dans votre bo\u00eete mail. Vous ne l&rsquo;avez pas re\u00e7ue ? V\u00e9rifiez dans vos \u00ab\u00a0ind\u00e9sirables\u00a0\u00bb !<\/p>\n\n\n\n<p>En vous abonnant, vous recevrez toute l\u2019actualit\u00e9 de Tadaaz ainsi que les offres du moment, que vous serez les seuls \u00e0 d\u00e9couvrir. Vous pourrez vous d\u00e9sabonner en bas de chaque newsletter re\u00e7ue.<\/p>\n","protected":false},"excerpt":{"rendered":"<p>Vous n\u2019\u00eates pas un expert(e) en organisation&nbsp;? T\u00e9l\u00e9chargez notre checklist bapt\u00eame&nbsp;! Voil\u00e0 d\u00e9j\u00e0 quelques semaines voire quelques mois que b\u00e9b\u00e9 partage votre quotidien pour votre plus grand bonheur ainsi que celui de ses fr\u00e8res et s\u0153urs. Le baptiser est pour vous une chose importante, vous y songez de plus en plus et pr\u00e9voyez de le [&hellip;]<\/p>\n","protected":false},"author":23,"featured_media":101456,"parent":0,"menu_order":0,"comment_status":"closed","ping_status":"closed","template":"","meta":{"footnotes":""},"class_list":["post-43931","page","type-page","status-publish","has-post-thumbnail","hentry"],"blocksy_meta":{"styles_descriptor":{"styles":{"desktop":"","tablet":"","mobile":""},"google_fonts":[],"version":6}},"yoast_head":"<!-- This site is optimized with the Yoast SEO plugin v26.7 - https:\/\/yoast.com\/wordpress\/plugins\/seo\/ -->\n<title>Votre checklist Bapt\u00eame pour organiser un \u00e9v\u00e9nement inoubliable<\/title>\n<meta name=\"description\" content=\"Vous allez organiser le bapt\u00eame de b\u00e9b\u00e9 pendant les beaux jours ? Gr\u00e2ce \u00e0 notre checklist Bapt\u00eame d\u00e9couvrez toutes les \u00e9tapes de l&#039;organisation. Elle vous sera tr\u00e8s utile !\" \/>\n<meta name=\"robots\" content=\"index, follow, max-snippet:-1, max-image-preview:large, max-video-preview:-1\" \/>\n<link rel=\"canonical\" href=\"https:\/\/tadaaz.fr\/blog\/fr\/wp-json\/wp\/v2\/pages\/43931\" \/>\n<meta property=\"og:locale\" content=\"fr_FR\" \/>\n<meta property=\"og:type\" content=\"article\" \/>\n<meta property=\"og:title\" content=\"Votre checklist Bapt\u00eame pour organiser un \u00e9v\u00e9nement inoubliable\" \/>\n<meta property=\"og:description\" content=\"Vous allez organiser le bapt\u00eame de b\u00e9b\u00e9 pendant les beaux jours ? Gr\u00e2ce \u00e0 notre checklist Bapt\u00eame d\u00e9couvrez toutes les \u00e9tapes de l&#039;organisation. Elle vous sera tr\u00e8s utile !\" \/>\n<meta property=\"og:url\" content=\"https:\/\/tadaaz.fr\/blog\/fr\/checklist-bapteme-pour-un-evenement-inoubliable\/\" \/>\n<meta property=\"og:site_name\" content=\"Tadaaz Blog\" \/>\n<meta property=\"article:modified_time\" content=\"2025-04-01T13:03:28+00:00\" \/>\n<meta property=\"og:image\" content=\"https:\/\/tadaaz.fr\/blog\/wp-content\/uploads\/2018\/09\/organiser-un-bapteme-original.png\" \/>\n\t<meta property=\"og:image:width\" content=\"1024\" \/>\n\t<meta property=\"og:image:height\" content=\"768\" \/>\n\t<meta property=\"og:image:type\" content=\"image\/png\" \/>\n<meta name=\"twitter:card\" content=\"summary_large_image\" \/>\n<meta name=\"twitter:label1\" content=\"Dur\u00e9e de lecture estim\u00e9e\" \/>\n\t<meta name=\"twitter:data1\" content=\"2 minutes\" \/>\n<!-- \/ Yoast SEO plugin. -->","yoast_head_json":{"title":"Votre checklist Bapt\u00eame pour organiser un \u00e9v\u00e9nement inoubliable","description":"Vous allez organiser le bapt\u00eame de b\u00e9b\u00e9 pendant les beaux jours ? Gr\u00e2ce \u00e0 notre checklist Bapt\u00eame d\u00e9couvrez toutes les \u00e9tapes de l'organisation. Elle vous sera tr\u00e8s utile !","robots":{"index":"index","follow":"follow","max-snippet":"max-snippet:-1","max-image-preview":"max-image-preview:large","max-video-preview":"max-video-preview:-1"},"canonical":"https:\/\/tadaaz.fr\/blog\/fr\/wp-json\/wp\/v2\/pages\/43931","og_locale":"fr_FR","og_type":"article","og_title":"Votre checklist Bapt\u00eame pour organiser un \u00e9v\u00e9nement inoubliable","og_description":"Vous allez organiser le bapt\u00eame de b\u00e9b\u00e9 pendant les beaux jours ? Gr\u00e2ce \u00e0 notre checklist Bapt\u00eame d\u00e9couvrez toutes les \u00e9tapes de l'organisation. Elle vous sera tr\u00e8s utile !","og_url":"https:\/\/tadaaz.fr\/blog\/fr\/checklist-bapteme-pour-un-evenement-inoubliable\/","og_site_name":"Tadaaz Blog","article_modified_time":"2025-04-01T13:03:28+00:00","og_image":[{"width":1024,"height":768,"url":"https:\/\/tadaaz.fr\/blog\/wp-content\/uploads\/2018\/09\/organiser-un-bapteme-original.png","type":"image\/png"}],"twitter_card":"summary_large_image","twitter_misc":{"Dur\u00e9e de lecture estim\u00e9e":"2 minutes"},"schema":{"@context":"https:\/\/schema.org","@graph":[{"@type":"WebPage","@id":"https:\/\/tadaaz.fr\/blog\/fr\/checklist-bapteme-pour-un-evenement-inoubliable\/","url":"https:\/\/tadaaz.fr\/blog\/fr\/checklist-bapteme-pour-un-evenement-inoubliable\/","name":"Votre checklist Bapt\u00eame pour organiser un \u00e9v\u00e9nement inoubliable","isPartOf":{"@id":"https:\/\/tadaaz.nl\/blog\/nl\/#website"},"primaryImageOfPage":{"@id":"https:\/\/tadaaz.fr\/blog\/fr\/checklist-bapteme-pour-un-evenement-inoubliable\/#primaryimage"},"image":{"@id":"https:\/\/tadaaz.fr\/blog\/fr\/checklist-bapteme-pour-un-evenement-inoubliable\/#primaryimage"},"thumbnailUrl":"https:\/\/tadaaz.fr\/blog\/wp-content\/uploads\/2018\/09\/organiser-un-bapteme-original.png","datePublished":"2019-01-16T15:22:11+00:00","dateModified":"2025-04-01T13:03:28+00:00","description":"Vous allez organiser le bapt\u00eame de b\u00e9b\u00e9 pendant les beaux jours ? Gr\u00e2ce \u00e0 notre checklist Bapt\u00eame d\u00e9couvrez toutes les \u00e9tapes de l'organisation. Elle vous sera tr\u00e8s utile !","inLanguage":"fr-FR","potentialAction":[{"@type":"ReadAction","target":["https:\/\/tadaaz.fr\/blog\/fr\/checklist-bapteme-pour-un-evenement-inoubliable\/"]}]},{"@type":"ImageObject","inLanguage":"fr-FR","@id":"https:\/\/tadaaz.fr\/blog\/fr\/checklist-bapteme-pour-un-evenement-inoubliable\/#primaryimage","url":"https:\/\/tadaaz.fr\/blog\/wp-content\/uploads\/2018\/09\/organiser-un-bapteme-original.png","contentUrl":"https:\/\/tadaaz.fr\/blog\/wp-content\/uploads\/2018\/09\/organiser-un-bapteme-original.png","width":1024,"height":768,"caption":"organiser un bapt\u00eame original"},{"@type":"WebSite","@id":"https:\/\/tadaaz.nl\/blog\/nl\/#website","url":"https:\/\/tadaaz.nl\/blog\/nl\/","name":"Tadaaz Blog","description":"","publisher":{"@id":"https:\/\/tadaaz.nl\/blog\/nl\/#organization"},"potentialAction":[{"@type":"SearchAction","target":{"@type":"EntryPoint","urlTemplate":"https:\/\/tadaaz.nl\/blog\/nl\/?s={search_term_string}"},"query-input":{"@type":"PropertyValueSpecification","valueRequired":true,"valueName":"search_term_string"}}],"inLanguage":"fr-FR"},{"@type":"Organization","@id":"https:\/\/tadaaz.nl\/blog\/nl\/#organization","name":"Tadaaz Blog","url":"https:\/\/tadaaz.nl\/blog\/nl\/","logo":{"@type":"ImageObject","inLanguage":"fr-FR","@id":"https:\/\/tadaaz.nl\/blog\/nl\/#\/schema\/logo\/image\/","url":"https:\/\/tadaaz.fr\/blog\/wp-content\/uploads\/2023\/02\/TADAAZ_LOGO_RGB_BLOG.svg","contentUrl":"https:\/\/tadaaz.fr\/blog\/wp-content\/uploads\/2023\/02\/TADAAZ_LOGO_RGB_BLOG.svg","caption":"Tadaaz Blog"},"image":{"@id":"https:\/\/tadaaz.nl\/blog\/nl\/#\/schema\/logo\/image\/"}}]}},"_links":{"self":[{"href":"https:\/\/tadaaz.fr\/blog\/fr\/wp-json\/wp\/v2\/pages\/43931","targetHints":{"allow":["GET"]}}],"collection":[{"href":"https:\/\/tadaaz.fr\/blog\/fr\/wp-json\/wp\/v2\/pages"}],"about":[{"href":"https:\/\/tadaaz.fr\/blog\/fr\/wp-json\/wp\/v2\/types\/page"}],"author":[{"embeddable":true,"href":"https:\/\/tadaaz.fr\/blog\/fr\/wp-json\/wp\/v2\/users\/23"}],"replies":[{"embeddable":true,"href":"https:\/\/tadaaz.fr\/blog\/fr\/wp-json\/wp\/v2\/comments?post=43931"}],"version-history":[{"count":2,"href":"https:\/\/tadaaz.fr\/blog\/fr\/wp-json\/wp\/v2\/pages\/43931\/revisions"}],"predecessor-version":[{"id":101498,"href":"https:\/\/tadaaz.fr\/blog\/fr\/wp-json\/wp\/v2\/pages\/43931\/revisions\/101498"}],"wp:featuredmedia":[{"embeddable":true,"href":"https:\/\/tadaaz.fr\/blog\/fr\/wp-json\/wp\/v2\/media\/101456"}],"wp:attachment":[{"href":"https:\/\/tadaaz.fr\/blog\/fr\/wp-json\/wp\/v2\/media?parent=43931"}],"curies":[{"name":"wp","href":"https:\/\/api.w.org\/{rel}","templated":true}]}}